{"id":25,"date":"2013-03-05T04:25:40","date_gmt":"2013-03-05T04:25:40","guid":{"rendered":"http:\/\/cdnregdev.ruralresilience.ca\/?page_id=25"},"modified":"2015-09-14T13:27:06","modified_gmt":"2015-09-14T13:27:06","slug":"mrc-of-rimouski-neigette-quebec","status":"publish","type":"page","link":"https:\/\/cdnregdev.ruralresilience.ca\/?page_id=25","title":{"rendered":"MRC of Rimouski-Neigette, Qu\u00e9bec"},"content":{"rendered":"<div>\n<h3><i>\u00abQuand la terre divise avec la Mer\u00bb<\/i><\/h3>\n<p align=\"left\">Lorsque nous franchissons le territoire de la MRC de Rimouski-Neigette, ce qui attire l\u2019attention plus que tout autre, c\u2019est bien le rapport \u00e9troit entre son secteur urbain et son secteur rural. Du c\u00f4t\u00e9 de la Mer, le fleuve Saint-Laurent et de l\u2019autre le territoire agricole et la splendeur de ses for\u00eats. Entre les deux, la communaut\u00e9 de Rimouski et ses huit villages ruraux avoisinants qui compl\u00e9mentent un territoire riche, des paysages vari\u00e9s, des citoyens fiers, avec une majestueuse rivi\u00e8re qui d\u00e9ambule de l\u2019extr\u00e9mit\u00e9 sud jusqu\u2019\u00e0 la Mer.<\/p>\n<p align=\"left\">Le territoire de la MRC de Rimouski-Neigette est situ\u00e9 sur la rive sud du fleuve Saint-Laurent au centre de la r\u00e9gion administrative du Bas-Saint-Laurent. Rimouski, qui d\u2019ailleurs repr\u00e9sente le centre administratif de la r\u00e9gion du Bas-Saint-Laurent, se trouve \u00e0 quelque 300 kilom\u00e8tres \u00e0 l\u2019est de Qu\u00e9bec. La MRC est born\u00e9e au nord par le fleuve Saint-Laurent (que les citoyens appellent\u00a0: la Mer) sur une distance approximative de 50 kilom\u00e8tres, \u00e0 l\u2019est par la MRC de La Mitis, au sud par la fronti\u00e8re du Nouveau-Brunswick et \u00e0 l\u2019ouest par la MRC de T\u00e9miscouata \u00e0 l\u2019int\u00e9rieur des terres ainsi que par la MRC des Basques du c\u00f4t\u00e9 du littoral.<\/p>\n<p align=\"left\">La MRC a une superficie totale de 2762 km<sup>2<\/sup>, elle est quasi rectangulaire, elle couvre une distance d\u2019environ 70 kilom\u00e8tres dans l\u2019axe nord-sud et d\u2019environ 40 kilom\u00e8tres dans l\u2019axe est-ouest. Le territoire de la MRC compte huit municipalit\u00e9s et un territoire non organis\u00e9.<\/p>\n<p align=\"left\">La MRC fait partie de deux r\u00e9gions : les basses terres de l\u2019estuaire du St-Laurent et les hautes terres appalachiennes. Le territoire se compose d\u2019une s\u00e9rie de bandes parall\u00e8les d\u00e9coup\u00e9es de cr\u00eates et de terrasses aux sols diversifi\u00e9s de la Mer (Fleuve Saint-Laurent) jusqu\u2019aux fronti\u00e8res du Nouveau-Brunswick. La r\u00e9gion fut model\u00e9e il y a quelque 10 000 ans par le passage de gigantesques glaciers qui est responsable, en bonne partie, aussi bien du relief que de sa composition.\u00a0Cette g\u00e9ographie explique la bonne qualit\u00e9 des sols pour l\u2019agriculture dans les basses terres et la v\u00e9g\u00e9tation foresti\u00e8re des hautes terres.<\/p>\n<p align=\"left\">Les huit municipalit\u00e9s de la MRC de Rimouski-Neigette repr\u00e9sentent plus de 55 000 habitants. Ils sont \u00a0assez in\u00e9galement r\u00e9partis; en effet, 82% de la population vit sur le littoral dont 80% se retrouve \u00e0 Rimouski, alors que 18% vit dans 8 municipalit\u00e9s.\u00a0Les efforts d\u00e9ploy\u00e9s ont d\u00e9velopp\u00e9 un dynamisme remarquable qui se traduit aujourd\u2019hui par huit municipalit\u00e9s avec une identit\u00e9 \u00a0et des particularit\u00e9s propres qui contribuent \u00e0 l\u2019essor de la r\u00e9gion.<\/p>\n<p>Source\u00a0: <a href=\"http:\/\/www.mrcrimouskineigette.qc.ca\/index.php\">http:\/\/www.mrcrimouskineigette.qc.ca\/index.php<\/a><\/p>\n<h2>Publications<\/h2>\n<ul>\n<li><a href=\"http:\/\/cdnregdev.ruralresilience.ca\/wp-content\/uploads\/2013\/03\/Rimouski-Profile_WP-CRD13.pdf\">A Profile of MRC Rimouski-Neigette<\/a>. (2015). Breen.<\/li>\n<li><span style=\"line-height: 13px;\"><a href=\"http:\/\/cdnregdev.ruralresilience.ca\/wp-content\/uploads\/2013\/03\/brett.pdf\" target=\"_blank\">Historical Institutionalism and New Regionalism: The Case of Rural Policy in Quebec<\/a>. (2010, October).\u00a0Poster presented at<em>\u00a0On the Bright Side:\u00a0Rural Works,\u00a0<\/em>Brandon, Manitoba. M.\u00a0Brett.<\/span><\/li>\n<\/ul>\n<dl>\n<dt><a href=\"http:\/\/cdnregdev.files.wordpress.com\/2011\/08\/mrc-de-rimouski-neigette-bas-saint-laurent.jpg\"><img loading=\"lazy\" decoding=\"async\" title=\"MRC de Rimouski-Neigette Bas-Saint-Laurent\" src=\"http:\/\/cdnregdev.files.wordpress.com\/2011\/08\/mrc-de-rimouski-neigette-bas-saint-laurent.jpg\" alt=\"\" width=\"500\" height=\"386\" \/><\/a><\/dt>\n<dd>Map of MRC de Rimouski-Neigette Bas-Saint-Laurent<\/dd>\n<\/dl>\n<\/div>\n<div>\n<dl id=\"attachment_119\">\n<dt><img loading=\"lazy\" decoding=\"async\" class=\"alignnone wp-image-39\" src=\"http:\/\/cdnregdev.ruralresilience.ca\/wp-content\/uploads\/2013\/03\/rimouski-feb-18-2009-003_01-1-300x168.jpg\" alt=\"rimouski-feb-18-2009-003_01-1\" width=\"500\" height=\"280\" srcset=\"https:\/\/cdnregdev.ruralresilience.ca\/wp-content\/uploads\/2013\/03\/rimouski-feb-18-2009-003_01-1-300x168.jpg 300w, https:\/\/cdnregdev.ruralresilience.ca\/wp-content\/uploads\/2013\/03\/rimouski-feb-18-2009-003_01-1.jpg 800w\" sizes=\"auto, (max-width: 500px) 100vw, 500px\" \/><\/dt>\n<dd>Rimouski Region in Winter (Bisson, 2009)<\/dd>\n<\/dl>\n<\/div>\n<div>\n<dl id=\"attachment_142\">\n<dt><a href=\"http:\/\/cdnregdev.files.wordpress.com\/2011\/08\/rimouski-3.jpg\"><img loading=\"lazy\" decoding=\"async\" title=\"Rimouski-3\" src=\"http:\/\/cdnregdev.files.wordpress.com\/2011\/08\/rimouski-3.jpg\" alt=\"\" width=\"500\" height=\"281\" \/><\/a><\/dt>\n<dd>St Fabien, Qu\u00e9bec (Bisson, 2009)<\/dd>\n<\/dl>\n<\/div>\n","protected":false},"excerpt":{"rendered":"<p>\u00abQuand la terre divise avec la Mer\u00bb Lorsque nous franchissons le territoire de la MRC de Rimouski-Neigette, ce qui attire l\u2019attention plus que tout autre, c\u2019est bien le rapport \u00e9troit entre son secteur urbain et son secteur rural. Du c\u00f4t\u00e9 de la Mer, le fleuve Saint-Laurent et de l\u2019autre le&#8230;<\/p>\n","protected":false},"author":1,"featured_media":0,"parent":8,"menu_order":0,"comment_status":"closed","ping_status":"closed","template":"","meta":{"jetpack_post_was_ever_published":false,"footnotes":""},"class_list":["post-25","page","type-page","status-publish","hentry"],"yoast_head":"<!-- This site is optimized with the Yoast SEO plugin v27.4 - https:\/\/yoast.com\/product\/yoast-seo-wordpress\/ -->\n<title>MRC of Rimouski-Neigette, Qu\u00e9bec - Canadian Regional Development<\/title>\n<meta name=\"robots\" content=\"index, follow, max-snippet:-1, max-image-preview:large, max-video-preview:-1\" \/>\n<link rel=\"canonical\" href=\"https:\/\/cdnregdev.ruralresilience.ca\/?page_id=25\" \/>\n<meta name=\"twitter:label1\" content=\"Est. reading time\" \/>\n\t<meta name=\"twitter:data1\" content=\"3 minutes\" \/>\n<script type=\"application\/ld+json\" class=\"yoast-schema-graph\">{\"@context\":\"https:\\\/\\\/schema.org\",\"@graph\":[{\"@type\":\"WebPage\",\"@id\":\"https:\\\/\\\/cdnregdev.ruralresilience.ca\\\/?page_id=25\",\"url\":\"https:\\\/\\\/cdnregdev.ruralresilience.ca\\\/?page_id=25\",\"name\":\"MRC of Rimouski-Neigette, Qu\u00e9bec - Canadian Regional Development\",\"isPartOf\":{\"@id\":\"https:\\\/\\\/cdnregdev.ruralresilience.ca\\\/#website\"},\"primaryImageOfPage\":{\"@id\":\"https:\\\/\\\/cdnregdev.ruralresilience.ca\\\/?page_id=25#primaryimage\"},\"image\":{\"@id\":\"https:\\\/\\\/cdnregdev.ruralresilience.ca\\\/?page_id=25#primaryimage\"},\"thumbnailUrl\":\"http:\\\/\\\/cdnregdev.files.wordpress.com\\\/2011\\\/08\\\/mrc-de-rimouski-neigette-bas-saint-laurent.jpg\",\"datePublished\":\"2013-03-05T04:25:40+00:00\",\"dateModified\":\"2015-09-14T13:27:06+00:00\",\"breadcrumb\":{\"@id\":\"https:\\\/\\\/cdnregdev.ruralresilience.ca\\\/?page_id=25#breadcrumb\"},\"inLanguage\":\"en-US\",\"potentialAction\":[{\"@type\":\"ReadAction\",\"target\":[\"https:\\\/\\\/cdnregdev.ruralresilience.ca\\\/?page_id=25\"]}]},{\"@type\":\"ImageObject\",\"inLanguage\":\"en-US\",\"@id\":\"https:\\\/\\\/cdnregdev.ruralresilience.ca\\\/?page_id=25#primaryimage\",\"url\":\"http:\\\/\\\/cdnregdev.files.wordpress.com\\\/2011\\\/08\\\/mrc-de-rimouski-neigette-bas-saint-laurent.jpg\",\"contentUrl\":\"http:\\\/\\\/cdnregdev.files.wordpress.com\\\/2011\\\/08\\\/mrc-de-rimouski-neigette-bas-saint-laurent.jpg\"},{\"@type\":\"BreadcrumbList\",\"@id\":\"https:\\\/\\\/cdnregdev.ruralresilience.ca\\\/?page_id=25#breadcrumb\",\"itemListElement\":[{\"@type\":\"ListItem\",\"position\":1,\"name\":\"About\",\"item\":\"https:\\\/\\\/cdnregdev.ruralresilience.ca\\\/?page_id=5\"},{\"@type\":\"ListItem\",\"position\":2,\"name\":\"Case Studies\",\"item\":\"https:\\\/\\\/cdnregdev.ruralresilience.ca\\\/?page_id=8\"},{\"@type\":\"ListItem\",\"position\":3,\"name\":\"MRC of Rimouski-Neigette, Qu\u00e9bec\"}]},{\"@type\":\"WebSite\",\"@id\":\"https:\\\/\\\/cdnregdev.ruralresilience.ca\\\/#website\",\"url\":\"https:\\\/\\\/cdnregdev.ruralresilience.ca\\\/\",\"name\":\"Canadian Regional Development\",\"description\":\"A Critical Review of Theory, Practice and Potentials\",\"potentialAction\":[{\"@type\":\"SearchAction\",\"target\":{\"@type\":\"EntryPoint\",\"urlTemplate\":\"https:\\\/\\\/cdnregdev.ruralresilience.ca\\\/?s={search_term_string}\"},\"query-input\":{\"@type\":\"PropertyValueSpecification\",\"valueRequired\":true,\"valueName\":\"search_term_string\"}}],\"inLanguage\":\"en-US\"}]}<\/script>\n<!-- \/ Yoast SEO plugin. -->","yoast_head_json":{"title":"MRC of Rimouski-Neigette, Qu\u00e9bec - Canadian Regional Development","robots":{"index":"index","follow":"follow","max-snippet":"max-snippet:-1","max-image-preview":"max-image-preview:large","max-video-preview":"max-video-preview:-1"},"canonical":"https:\/\/cdnregdev.ruralresilience.ca\/?page_id=25","twitter_misc":{"Est. reading time":"3 minutes"},"schema":{"@context":"https:\/\/schema.org","@graph":[{"@type":"WebPage","@id":"https:\/\/cdnregdev.ruralresilience.ca\/?page_id=25","url":"https:\/\/cdnregdev.ruralresilience.ca\/?page_id=25","name":"MRC of Rimouski-Neigette, Qu\u00e9bec - Canadian Regional Development","isPartOf":{"@id":"https:\/\/cdnregdev.ruralresilience.ca\/#website"},"primaryImageOfPage":{"@id":"https:\/\/cdnregdev.ruralresilience.ca\/?page_id=25#primaryimage"},"image":{"@id":"https:\/\/cdnregdev.ruralresilience.ca\/?page_id=25#primaryimage"},"thumbnailUrl":"http:\/\/cdnregdev.files.wordpress.com\/2011\/08\/mrc-de-rimouski-neigette-bas-saint-laurent.jpg","datePublished":"2013-03-05T04:25:40+00:00","dateModified":"2015-09-14T13:27:06+00:00","breadcrumb":{"@id":"https:\/\/cdnregdev.ruralresilience.ca\/?page_id=25#breadcrumb"},"inLanguage":"en-US","potentialAction":[{"@type":"ReadAction","target":["https:\/\/cdnregdev.ruralresilience.ca\/?page_id=25"]}]},{"@type":"ImageObject","inLanguage":"en-US","@id":"https:\/\/cdnregdev.ruralresilience.ca\/?page_id=25#primaryimage","url":"http:\/\/cdnregdev.files.wordpress.com\/2011\/08\/mrc-de-rimouski-neigette-bas-saint-laurent.jpg","contentUrl":"http:\/\/cdnregdev.files.wordpress.com\/2011\/08\/mrc-de-rimouski-neigette-bas-saint-laurent.jpg"},{"@type":"BreadcrumbList","@id":"https:\/\/cdnregdev.ruralresilience.ca\/?page_id=25#breadcrumb","itemListElement":[{"@type":"ListItem","position":1,"name":"About","item":"https:\/\/cdnregdev.ruralresilience.ca\/?page_id=5"},{"@type":"ListItem","position":2,"name":"Case Studies","item":"https:\/\/cdnregdev.ruralresilience.ca\/?page_id=8"},{"@type":"ListItem","position":3,"name":"MRC of Rimouski-Neigette, Qu\u00e9bec"}]},{"@type":"WebSite","@id":"https:\/\/cdnregdev.ruralresilience.ca\/#website","url":"https:\/\/cdnregdev.ruralresilience.ca\/","name":"Canadian Regional Development","description":"A Critical Review of Theory, Practice and Potentials","potentialAction":[{"@type":"SearchAction","target":{"@type":"EntryPoint","urlTemplate":"https:\/\/cdnregdev.ruralresilience.ca\/?s={search_term_string}"},"query-input":{"@type":"PropertyValueSpecification","valueRequired":true,"valueName":"search_term_string"}}],"inLanguage":"en-US"}]}},"jetpack_sharing_enabled":true,"jetpack_shortlink":"https:\/\/wp.me\/P3fePI-p","_links":{"self":[{"href":"https:\/\/cdnregdev.ruralresilience.ca\/index.php?rest_route=\/wp\/v2\/pages\/25","targetHints":{"allow":["GET"]}}],"collection":[{"href":"https:\/\/cdnregdev.ruralresilience.ca\/index.php?rest_route=\/wp\/v2\/pages"}],"about":[{"href":"https:\/\/cdnregdev.ruralresilience.ca\/index.php?rest_route=\/wp\/v2\/types\/page"}],"author":[{"embeddable":true,"href":"https:\/\/cdnregdev.ruralresilience.ca\/index.php?rest_route=\/wp\/v2\/users\/1"}],"replies":[{"embeddable":true,"href":"https:\/\/cdnregdev.ruralresilience.ca\/index.php?rest_route=%2Fwp%2Fv2%2Fcomments&post=25"}],"version-history":[{"count":9,"href":"https:\/\/cdnregdev.ruralresilience.ca\/index.php?rest_route=\/wp\/v2\/pages\/25\/revisions"}],"predecessor-version":[{"id":443,"href":"https:\/\/cdnregdev.ruralresilience.ca\/index.php?rest_route=\/wp\/v2\/pages\/25\/revisions\/443"}],"up":[{"embeddable":true,"href":"https:\/\/cdnregdev.ruralresilience.ca\/index.php?rest_route=\/wp\/v2\/pages\/8"}],"wp:attachment":[{"href":"https:\/\/cdnregdev.ruralresilience.ca\/index.php?rest_route=%2Fwp%2Fv2%2Fmedia&parent=25"}],"curies":[{"name":"wp","href":"https:\/\/api.w.org\/{rel}","templated":true}]}}